{"id":696,"date":"2025-05-28T10:01:09","date_gmt":"2025-05-28T07:01:09","guid":{"rendered":"https:\/\/vismotorsport.gr\/rueckgaberecht\/"},"modified":"2025-11-20T18:12:18","modified_gmt":"2025-11-20T16:12:18","slug":"rueckgaberecht","status":"publish","type":"page","link":"https:\/\/vismotorsport.gr\/de\/rueckgaberecht\/","title":{"rendered":"R\u00fcckgaberecht"},"content":{"rendered":"\n<div class=\"wp-block-uagb-container uagb-block-2aea1350 alignfull uagb-is-root-container\"><div class=\"uagb-container-inner-blocks-wrap\">\n<p>Letzte Aktualisierung: 8\/7\/2025<\/p>\n\n\n\n<p>Bei vismotorsport.de streben wir nach absoluter Kundenzufriedenheit, indem wir Hochleistungsprodukte anbieten, die nach strengen Qualit\u00e4tskriterien ausgew\u00e4hlt wurden. Gem\u00e4\u00df europ\u00e4ischem und griechischem Recht gelten jedoch die folgenden Bedingungen f\u00fcr R\u00fccksendungen:<\/p>\n\n\n\n<h2 class=\"wp-block-heading\" style=\"font-size:clamp(15.197px, 0.95rem + ((1vw - 3.2px) * 0.61), 23px);\">1. Bedingungen f\u00fcr die Annahme von R\u00fccksendungen<\/h2>\n\n\n\n<ul class=\"wp-block-list\">\n<li>Das erhaltene Produkt stimmt nicht mit der Bestellung \u00fcberein.<\/li>\n\n\n\n<li>Das Produkt befindet sich in einwandfreiem Zustand, wurde nicht ge\u00f6ffnet, nicht verwendet und ist originalverpackt.<\/li>\n\n\n\n<li>Wir akzeptieren keine R\u00fccksendungen von Produkten, deren Originalverpackung entfernt wurde oder die verwendet wurden.<\/li>\n<\/ul>\n\n\n\n<h2 class=\"wp-block-heading\" style=\"font-size:clamp(15.197px, 0.95rem + ((1vw - 3.2px) * 0.61), 23px);\">2. R\u00fcckgabeprozess<\/h2>\n\n\n\n<ul class=\"wp-block-list\">\n<li>R\u00fcckgaben erfolgen ausschlie\u00dflich nach vorheriger Absprache mit dem Unternehmen.<\/li>\n\n\n\n<li>Der Kunde muss sich per E-Mail an info@vismotorsport.net wenden und das Problem beschreiben, bevor er ein Produkt zur\u00fccksendet.<\/li>\n\n\n\n<li>Die R\u00fccksendung muss innerhalb von 14 Kalendertagen ab dem Lieferdatum erfolgen.<\/li>\n<\/ul>\n\n\n\n<h2 class=\"wp-block-heading\" style=\"font-size:clamp(15.197px, 0.95rem + ((1vw - 3.2px) * 0.61), 23px);\">3. Pr\u00fcfung bei Wareneingang<\/h2>\n\n\n\n<ul class=\"wp-block-list\">\n<li>Nach Erhalt des zur\u00fcckgesendeten Produkts f\u00fchrt unser Team eine technische Pr\u00fcfung des Produkts und seiner Verpackung durch.<\/li>\n\n\n\n<li>Wenn festgestellt wird, dass das Produkt unbenutzt ist, die Verpackung unversehrt ist und keine Besch\u00e4digungen oder Gebrauchsspuren aufweist, erfolgt eine R\u00fcckerstattung.<\/li>\n<\/ul>\n\n\n\n<h2 class=\"wp-block-heading\" style=\"font-size:clamp(15.197px, 0.95rem + ((1vw - 3.2px) * 0.61), 23px);\">4. R\u00fcckerstattung<\/h2>\n\n\n\n<ul class=\"wp-block-list\">\n<li>Die R\u00fcckerstattung erfolgt ausschlie\u00dflich \u00fcber die gleiche Zahlungsmethode wie bei der urspr\u00fcnglichen Bestellung.<\/li>\n\n\n\n<li>Die Bearbeitungszeit betr\u00e4gt bis zu 7 Werktage ab dem Zeitpunkt, an dem das Produkt eingegangen und gepr\u00fcft wurde.<\/li>\n\n\n\n<li>Etwaige Bankgeb\u00fchren, Transaktionskosten oder W\u00e4hrungsumrechnungen tr\u00e4gt ausschlie\u00dflich der Kunde, sofern die R\u00fcckgabe nicht auf einen Fehler des Unternehmens zur\u00fcckzuf\u00fchren ist.<\/li>\n<\/ul>\n\n\n\n<p>Bei Produkten mit m\u00f6glichen M\u00e4ngeln oder Defekten, die unter die Garantie fallen k\u00f6nnten, ist zun\u00e4chst eine technische Pr\u00fcfung durch das Unternehmen erforderlich. Nur wenn festgestellt wird, dass es sich um einen Herstellungsfehler handelt, erfolgt eine R\u00fcckerstattung oder ein Ersatz. Bei unsachgem\u00e4\u00dfer Nutzung oder Nichtbeachtung der Gebrauchsanweisung tr\u00e4gt der Kunde alle anfallenden Bank- und Versandkosten.<\/p>\n\n\n\n<h2 class=\"wp-block-heading\" style=\"font-size:clamp(15.197px, 0.95rem + ((1vw - 3.2px) * 0.61), 23px);\">5. R\u00fccksendekosten<\/h2>\n\n\n\n<ul class=\"wp-block-list\">\n<li>Die R\u00fccksendekosten tr\u00e4gt der Kunde, au\u00dfer in folgenden F\u00e4llen:<\/li>\n\n\n\n<li>Das Produkt weist einen Herstellungsfehler auf.<\/li>\n\n\n\n<li>Es wurde ein falsches Produkt durch einen Fehler des Unternehmens versendet.<\/li>\n\n\n\n<li>In allen anderen F\u00e4llen tr\u00e4gt der Kunde die vollst\u00e4ndigen R\u00fccksendekosten.<\/li>\n<\/ul>\n\n\n\n<h2 class=\"wp-block-heading\" style=\"font-size:clamp(15.197px, 0.95rem + ((1vw - 3.2px) * 0.61), 23px);\">6. Ausnahmen vom R\u00fcckgaberecht<\/h2>\n\n\n\n<ul class=\"wp-block-list\">\n<li>Produkte, die speziell f\u00fcr den Kunden bestellt wurden<\/li>\n\n\n\n<li>Produkte, die verwendet oder installiert wurden<\/li>\n\n\n\n<li>Produkte ohne Originalverpackung<\/li>\n\n\n\n<li>Teile, die durch unsachgem\u00e4\u00dfe Handhabung ver\u00e4ndert oder besch\u00e4digt wurden<\/li>\n<\/ul>\n\n\n\n<h2 class=\"wp-block-heading\" style=\"font-size:clamp(15.197px, 0.95rem + ((1vw - 3.2px) * 0.61), 23px);\">7. Kontakt<\/h2>\n\n\n\n<ul class=\"wp-block-list\">\n<li>F\u00fcr R\u00fccksendeanfragen oder weitere Informationen kontaktieren Sie uns bitte unter: +30 210 300 9118<\/li>\n\n\n\n<li>Email: <a href=\"mailto:info@vismotorsport.net\">info@vismotorsport.net<\/a><\/li>\n<\/ul>\n<\/div><\/div>\n","protected":false},"excerpt":{"rendered":"<p>Letzte Aktualisierung: 8\/7\/2025 Bei vismotorsport.de streben wir nach absoluter Kundenzufriedenheit, indem wir Hochleistungsprodukte anbieten, die nach strengen Qualit\u00e4tskriterien ausgew\u00e4hlt wurden. Gem\u00e4\u00df europ\u00e4ischem und griechischem Recht gelten jedoch die folgenden Bedingungen f\u00fcr R\u00fccksendungen: 1. Bedingungen f\u00fcr die Annahme von R\u00fccksendungen 2. R\u00fcckgabeprozess 3. Pr\u00fcfung bei Wareneingang 4. R\u00fcckerstattung Bei Produkten mit m\u00f6glichen M\u00e4ngeln oder Defekten, die [&hellip;]<\/p>\n","protected":false},"author":1,"featured_media":0,"parent":0,"menu_order":0,"comment_status":"closed","ping_status":"closed","template":"","meta":{"_uag_custom_page_level_css":"","footnotes":""},"class_list":["post-696","page","type-page","status-publish","hentry"],"blocksy_meta":[],"spectra_custom_meta":{"_top_nav_excluded":[""],"_cms_nav_minihome":[""],"_last_translation_edit_mode":["translation-editor"],"_wpml_word_count":["487"],"_wp_page_template":[""],"_edit_lock":["1753903933:2"],"_edit_last":["2"],"rank_math_internal_links_processed":["1"],"_wpml_media_duplicate":["1"],"_wpml_media_featured":["1"],"_uag_css_file_name":["uag-css-696.css"],"_uagb_previous_block_counts":["a:90:{s:21:\"uagb\/advanced-heading\";i:0;s:15:\"uagb\/blockquote\";i:0;s:12:\"uagb\/buttons\";i:0;s:18:\"uagb\/buttons-child\";i:0;s:19:\"uagb\/call-to-action\";i:0;s:15:\"uagb\/cf7-styler\";i:0;s:11:\"uagb\/column\";i:0;s:12:\"uagb\/columns\";i:0;s:14:\"uagb\/container\";i:1;s:21:\"uagb\/content-timeline\";i:0;s:27:\"uagb\/content-timeline-child\";i:0;s:14:\"uagb\/countdown\";i:0;s:12:\"uagb\/counter\";i:0;s:8:\"uagb\/faq\";i:0;s:14:\"uagb\/faq-child\";i:0;s:10:\"uagb\/forms\";i:0;s:17:\"uagb\/forms-accept\";i:0;s:19:\"uagb\/forms-checkbox\";i:0;s:15:\"uagb\/forms-date\";i:0;s:16:\"uagb\/forms-email\";i:0;s:17:\"uagb\/forms-hidden\";i:0;s:15:\"uagb\/forms-name\";i:0;s:16:\"uagb\/forms-phone\";i:0;s:16:\"uagb\/forms-radio\";i:0;s:17:\"uagb\/forms-select\";i:0;s:19:\"uagb\/forms-textarea\";i:0;s:17:\"uagb\/forms-toggle\";i:0;s:14:\"uagb\/forms-url\";i:0;s:14:\"uagb\/gf-styler\";i:0;s:15:\"uagb\/google-map\";i:0;s:11:\"uagb\/how-to\";i:0;s:16:\"uagb\/how-to-step\";i:0;s:9:\"uagb\/icon\";i:0;s:14:\"uagb\/icon-list\";i:0;s:20:\"uagb\/icon-list-child\";i:0;s:10:\"uagb\/image\";i:0;s:18:\"uagb\/image-gallery\";i:0;s:13:\"uagb\/info-box\";i:0;s:18:\"uagb\/inline-notice\";i:0;s:11:\"uagb\/lottie\";i:0;s:21:\"uagb\/marketing-button\";i:0;s:10:\"uagb\/modal\";i:0;s:18:\"uagb\/popup-builder\";i:0;s:16:\"uagb\/post-button\";i:0;s:18:\"uagb\/post-carousel\";i:0;s:17:\"uagb\/post-excerpt\";i:0;s:14:\"uagb\/post-grid\";i:0;s:15:\"uagb\/post-image\";i:0;s:17:\"uagb\/post-masonry\";i:0;s:14:\"uagb\/post-meta\";i:0;s:18:\"uagb\/post-taxonomy\";i:0;s:18:\"uagb\/post-timeline\";i:0;s:15:\"uagb\/post-title\";i:0;s:20:\"uagb\/restaurant-menu\";i:0;s:26:\"uagb\/restaurant-menu-child\";i:0;s:11:\"uagb\/review\";i:0;s:12:\"uagb\/section\";i:0;s:14:\"uagb\/separator\";i:0;s:11:\"uagb\/slider\";i:0;s:17:\"uagb\/slider-child\";i:0;s:17:\"uagb\/social-share\";i:0;s:23:\"uagb\/social-share-child\";i:0;s:16:\"uagb\/star-rating\";i:0;s:23:\"uagb\/sure-cart-checkout\";i:0;s:22:\"uagb\/sure-cart-product\";i:0;s:15:\"uagb\/sure-forms\";i:0;s:22:\"uagb\/table-of-contents\";i:0;s:9:\"uagb\/tabs\";i:0;s:15:\"uagb\/tabs-child\";i:0;s:18:\"uagb\/taxonomy-list\";i:0;s:9:\"uagb\/team\";i:0;s:16:\"uagb\/testimonial\";i:0;s:14:\"uagb\/wp-search\";i:0;s:19:\"uagb\/instagram-feed\";i:0;s:10:\"uagb\/login\";i:0;s:17:\"uagb\/loop-builder\";i:0;s:18:\"uagb\/loop-category\";i:0;s:20:\"uagb\/loop-pagination\";i:0;s:15:\"uagb\/loop-reset\";i:0;s:16:\"uagb\/loop-search\";i:0;s:14:\"uagb\/loop-sort\";i:0;s:17:\"uagb\/loop-wrapper\";i:0;s:13:\"uagb\/register\";i:0;s:19:\"uagb\/register-email\";i:0;s:24:\"uagb\/register-first-name\";i:0;s:23:\"uagb\/register-last-name\";i:0;s:22:\"uagb\/register-password\";i:0;s:30:\"uagb\/register-reenter-password\";i:0;s:19:\"uagb\/register-terms\";i:0;s:22:\"uagb\/register-username\";i:0;}"],"_uagb_last_spectra_edit":["1776758883"],"_uag_page_assets":["a:9:{s:3:\"css\";s:10521:\".wp-block-uagb-container{display:flex;position:relative;box-sizing:border-box;transition-property:box-shadow;transition-duration:.2s;transition-timing-function:ease}.wp-block-uagb-container .spectra-container-link-overlay{bottom:0;left:0;position:absolute;right:0;top:0;z-index:10}.wp-block-uagb-container.uagb-is-root-container{margin-left:auto;margin-right:auto}.wp-block-uagb-container.alignfull.uagb-is-root-container .uagb-container-inner-blocks-wrap{display:flex;position:relative;box-sizing:border-box;margin-left:auto !important;margin-right:auto !important}.wp-block-uagb-container .wp-block-uagb-blockquote,.wp-block-uagb-container .wp-block-spectra-pro-login,.wp-block-uagb-container .wp-block-spectra-pro-register{margin:unset}.wp-block-uagb-container .uagb-container__video-wrap{height:100%;width:100%;top:0;left:0;position:absolute;overflow:hidden;-webkit-transition:opacity 1s;-o-transition:opacity 1s;transition:opacity 1s}.wp-block-uagb-container .uagb-container__video-wrap video{max-width:100%;width:100%;height:100%;margin:0;line-height:1;border:none;display:inline-block;vertical-align:baseline;-o-object-fit:cover;object-fit:cover;background-size:cover}.wp-block-uagb-container.uagb-layout-grid{display:grid;width:100%}.wp-block-uagb-container.uagb-layout-grid>.uagb-container-inner-blocks-wrap{display:inherit;width:inherit}.wp-block-uagb-container.uagb-layout-grid>.uagb-container-inner-blocks-wrap>.wp-block-uagb-container{max-width:unset !important;width:unset !important}.wp-block-uagb-container.uagb-layout-grid>.wp-block-uagb-container{max-width:unset !important;width:unset !important}.wp-block-uagb-container.uagb-layout-grid.uagb-is-root-container{margin-left:auto;margin-right:auto}.wp-block-uagb-container.uagb-layout-grid.uagb-is-root-container>.wp-block-uagb-container{max-width:unset !important;width:unset !important}.wp-block-uagb-container.uagb-layout-grid.alignwide.uagb-is-root-container{margin-left:auto;margin-right:auto}.wp-block-uagb-container.uagb-layout-grid.alignfull.uagb-is-root-container .uagb-container-inner-blocks-wrap{display:inherit;position:relative;box-sizing:border-box;margin-left:auto !important;margin-right:auto !important}body .wp-block-uagb-container>.uagb-container-inner-blocks-wrap>*:not(.wp-block-uagb-container):not(.wp-block-uagb-column):not(.wp-block-uagb-container):not(.wp-block-uagb-section):not(.uagb-container__shape):not(.uagb-container__video-wrap):not(.wp-block-spectra-pro-register):not(.wp-block-spectra-pro-login):not(.uagb-slider-container):not(.spectra-image-gallery__control-lightbox):not(.wp-block-uagb-info-box),body .wp-block-uagb-container>.uagb-container-inner-blocks-wrap,body .wp-block-uagb-container>*:not(.wp-block-uagb-container):not(.wp-block-uagb-column):not(.wp-block-uagb-container):not(.wp-block-uagb-section):not(.uagb-container__shape):not(.uagb-container__video-wrap):not(.wp-block-spectra-pro-register):not(.wp-block-spectra-pro-login):not(.uagb-slider-container):not(.spectra-container-link-overlay):not(.spectra-image-gallery__control-lightbox):not(.wp-block-uagb-lottie):not(.uagb-faq__outer-wrap){min-width:unset !important;width:100%;position:relative}body .ast-container .wp-block-uagb-container>.uagb-container-inner-blocks-wrap>.wp-block-uagb-container>ul,body .ast-container .wp-block-uagb-container>.uagb-container-inner-blocks-wrap>.wp-block-uagb-container ol,body .ast-container .wp-block-uagb-container>.uagb-container-inner-blocks-wrap>ul,body .ast-container .wp-block-uagb-container>.uagb-container-inner-blocks-wrap ol{max-width:-webkit-fill-available;margin-block-start:0;margin-block-end:0;margin-left:20px}.ast-plain-container .editor-styles-wrapper .block-editor-block-list__layout.is-root-container .uagb-is-root-container.wp-block-uagb-container.alignwide{margin-left:auto;margin-right:auto}.uagb-container__shape{overflow:hidden;position:absolute;left:0;width:100%;line-height:0;direction:ltr}.uagb-container__shape-top{top:-3px}.uagb-container__shape-bottom{bottom:-3px}.uagb-container__shape.uagb-container__invert.uagb-container__shape-bottom,.uagb-container__shape.uagb-container__invert.uagb-container__shape-top{-webkit-transform:rotate(180deg);-ms-transform:rotate(180deg);transform:rotate(180deg)}.uagb-container__shape.uagb-container__shape-flip svg{transform:translateX(-50%) rotateY(180deg)}.uagb-container__shape svg{display:block;width:-webkit-calc(100% + 1.3px);width:calc(100% + 1.3px);position:relative;left:50%;-webkit-transform:translateX(-50%);-ms-transform:translateX(-50%);transform:translateX(-50%)}.uagb-container__shape .uagb-container__shape-fill{-webkit-transform-origin:center;-ms-transform-origin:center;transform-origin:center;-webkit-transform:rotateY(0deg);transform:rotateY(0deg)}.uagb-container__shape.uagb-container__shape-above-content{z-index:9;pointer-events:none}.nv-single-page-wrap .nv-content-wrap.entry-content .wp-block-uagb-container.alignfull{margin-left:calc(50% - 50vw);margin-right:calc(50% - 50vw)}@media only screen and (max-width: 767px){.wp-block-uagb-container .wp-block-uagb-advanced-heading{width:-webkit-fill-available}}.wp-block-uagb-image--align-none{justify-content:center}.wp-block-uagb-container.uagb-block-2aea1350.wp-block-uagb-container{color: var(--theme-palette-color-11, #ffffff);}.wp-block-uagb-container.uagb-block-2aea1350.wp-block-uagb-container *{color: var(--theme-palette-color-11, #ffffff);}.wp-block-uagb-container.uagb-block-2aea1350 .uagb-container__shape-top svg{width: calc( 100% + 1.3px );}.wp-block-uagb-container.uagb-block-2aea1350 .uagb-container__shape.uagb-container__shape-top .uagb-container__shape-fill{fill: rgba(51,51,51,1);}.wp-block-uagb-container.uagb-block-2aea1350 .uagb-container__shape-bottom svg{width: calc( 100% + 1.3px );}.wp-block-uagb-container.uagb-block-2aea1350 .uagb-container__shape.uagb-container__shape-bottom .uagb-container__shape-fill{fill: rgba(51,51,51,1);}.wp-block-uagb-container.uagb-block-2aea1350 .uagb-container__video-wrap video{opacity: 1;}.wp-block-uagb-container.uagb-is-root-container .uagb-block-2aea1350{max-width: 100%;width: 100%;}.wp-block-uagb-container.uagb-is-root-container.alignfull.uagb-block-2aea1350 > .uagb-container-inner-blocks-wrap{--inner-content-custom-width: min( 100%, 1290px);max-width: var(--inner-content-custom-width);width: 100%;flex-direction: column;align-items: center;justify-content: center;flex-wrap: nowrap;row-gap: 20px;column-gap: 20px;}.wp-block-uagb-container.uagb-block-2aea1350{box-shadow: 0px 0px   #00000070 ;padding-top: 50px;padding-bottom: 50px;padding-left: 10px;padding-right: 10px;margin-top:  !important;margin-bottom:  !important;overflow: visible;order: initial;border-color: inherit;row-gap: 20px;column-gap: 20px;}@media only screen and (max-width: 976px) {.wp-block-uagb-container.uagb-is-root-container .uagb-block-2aea1350{width: 100%;}.wp-block-uagb-container.uagb-is-root-container.alignfull.uagb-block-2aea1350 > .uagb-container-inner-blocks-wrap{--inner-content-custom-width: min( 100%, 1024px);max-width: var(--inner-content-custom-width);width: 100%;}.wp-block-uagb-container.uagb-block-2aea1350{padding-top: 50px;padding-bottom: 50px;padding-left: 10px;padding-right: 10px;margin-top:  !important;margin-bottom:  !important;order: initial;}}@media only screen and (max-width: 767px) {.wp-block-uagb-container.uagb-is-root-container .uagb-block-2aea1350{max-width: 100%;width: 100%;}.wp-block-uagb-container.uagb-is-root-container.alignfull.uagb-block-2aea1350 > .uagb-container-inner-blocks-wrap{--inner-content-custom-width: min( 100%, 767px);max-width: var(--inner-content-custom-width);width: 100%;flex-wrap: wrap;}.wp-block-uagb-container.uagb-block-2aea1350{padding-top: 50px;padding-bottom: 50px;padding-left: 10px;padding-right: 10px;margin-top:  !important;margin-bottom:  !important;order: initial;}}.uag-blocks-common-selector{z-index:var(--z-index-desktop) !important}@media(max-width: 976px){.uag-blocks-common-selector{z-index:var(--z-index-tablet) !important}}@media(max-width: 767px){.uag-blocks-common-selector{z-index:var(--z-index-mobile) !important}}.wp-block-uagb-container.uagb-block-08fdd72a .uagb-container__shape-top svg{width: calc( 100% + 1.3px );}.wp-block-uagb-container.uagb-block-08fdd72a .uagb-container__shape.uagb-container__shape-top .uagb-container__shape-fill{fill: rgba(51,51,51,1);}.wp-block-uagb-container.uagb-block-08fdd72a .uagb-container__shape-bottom svg{width: calc( 100% + 1.3px );}.wp-block-uagb-container.uagb-block-08fdd72a .uagb-container__shape.uagb-container__shape-bottom .uagb-container__shape-fill{fill: rgba(51,51,51,1);}.wp-block-uagb-container.uagb-block-08fdd72a .uagb-container__video-wrap video{opacity: 1;}.wp-block-uagb-container.uagb-is-root-container .uagb-block-08fdd72a{max-width: 100%;width: 100%;}.wp-block-uagb-container.uagb-is-root-container.alignfull.uagb-block-08fdd72a > .uagb-container-inner-blocks-wrap{--inner-content-custom-width: min( 100%, 1290px);max-width: var(--inner-content-custom-width);width: 100%;flex-direction: column;align-items: center;justify-content: center;flex-wrap: nowrap;row-gap: 20px;column-gap: 20px;}.wp-block-uagb-container.uagb-block-08fdd72a{box-shadow: 0px 0px   #00000070 ;padding-top: 10px;padding-bottom: 10px;padding-left: 10px;padding-right: 10px;margin-top:  !important;margin-bottom:  !important;overflow: visible;order: initial;border-color: inherit;row-gap: 20px;column-gap: 20px;}@media only screen and (max-width: 976px) {.wp-block-uagb-container.uagb-is-root-container .uagb-block-08fdd72a{width: 100%;}.wp-block-uagb-container.uagb-is-root-container.alignfull.uagb-block-08fdd72a > .uagb-container-inner-blocks-wrap{--inner-content-custom-width: min( 100%, 1024px);max-width: var(--inner-content-custom-width);width: 100%;}.wp-block-uagb-container.uagb-block-08fdd72a{padding-top: 10px;padding-bottom: 10px;padding-left: 10px;padding-right: 10px;margin-top:  !important;margin-bottom:  !important;order: initial;}}@media only screen and (max-width: 767px) {.wp-block-uagb-container.uagb-is-root-container .uagb-block-08fdd72a{max-width: 100%;width: 100%;}.wp-block-uagb-container.uagb-is-root-container.alignfull.uagb-block-08fdd72a > .uagb-container-inner-blocks-wrap{--inner-content-custom-width: min( 100%, 767px);max-width: var(--inner-content-custom-width);width: 100%;flex-wrap: wrap;}.wp-block-uagb-container.uagb-block-08fdd72a{padding-top: 10px;padding-bottom: 10px;padding-left: 10px;padding-right: 10px;margin-top:  !important;margin-bottom:  !important;order: initial;}}\";s:2:\"js\";s:0:\"\";s:18:\"current_block_list\";a:8:{i:0;s:14:\"uagb\/container\";i:1;s:14:\"core\/paragraph\";i:2;s:12:\"core\/heading\";i:3;s:9:\"core\/list\";i:4;s:14:\"core\/list-item\";i:6;s:14:\"core\/shortcode\";i:7;s:26:\"woocommerce\/filter-wrapper\";i:8;s:24:\"woocommerce\/price-filter\";}s:8:\"uag_flag\";b:1;s:11:\"uag_version\";s:10:\"1778676232\";s:6:\"gfonts\";a:0:{}s:10:\"gfonts_url\";s:0:\"\";s:12:\"gfonts_files\";a:0:{}s:14:\"uag_faq_layout\";b:0;}"]},"uagb_featured_image_src":{"full":false,"thumbnail":false,"medium":false,"medium_large":false,"large":false,"1536x1536":false,"2048x2048":false,"woocommerce_archive_thumbnail":false,"woocommerce_thumbnail":false,"woocommerce_single":false,"woocommerce_gallery_thumbnail":false},"uagb_author_info":{"display_name":"efstraatios","author_link":"https:\/\/vismotorsport.gr\/de\/author\/004ae41fdf02c7a6\/"},"uagb_comment_info":0,"uagb_excerpt":"Letzte Aktualisierung: 8\/7\/2025 Bei vismotorsport.de streben wir nach absoluter Kundenzufriedenheit, indem wir Hochleistungsprodukte anbieten, die nach strengen Qualit\u00e4tskriterien ausgew\u00e4hlt wurden. Gem\u00e4\u00df europ\u00e4ischem und griechischem Recht gelten jedoch die folgenden Bedingungen f\u00fcr R\u00fccksendungen: 1. Bedingungen f\u00fcr die Annahme von R\u00fccksendungen 2. R\u00fcckgabeprozess 3. Pr\u00fcfung bei Wareneingang 4. R\u00fcckerstattung Bei Produkten mit m\u00f6glichen M\u00e4ngeln oder Defekten, die&hellip;","_links":{"self":[{"href":"https:\/\/vismotorsport.gr\/de\/wp-json\/wp\/v2\/pages\/696","targetHints":{"allow":["GET"]}}],"collection":[{"href":"https:\/\/vismotorsport.gr\/de\/wp-json\/wp\/v2\/pages"}],"about":[{"href":"https:\/\/vismotorsport.gr\/de\/wp-json\/wp\/v2\/types\/page"}],"author":[{"embeddable":true,"href":"https:\/\/vismotorsport.gr\/de\/wp-json\/wp\/v2\/users\/1"}],"replies":[{"embeddable":true,"href":"https:\/\/vismotorsport.gr\/de\/wp-json\/wp\/v2\/comments?post=696"}],"version-history":[{"count":8,"href":"https:\/\/vismotorsport.gr\/de\/wp-json\/wp\/v2\/pages\/696\/revisions"}],"predecessor-version":[{"id":2342,"href":"https:\/\/vismotorsport.gr\/de\/wp-json\/wp\/v2\/pages\/696\/revisions\/2342"}],"wp:attachment":[{"href":"https:\/\/vismotorsport.gr\/de\/wp-json\/wp\/v2\/media?parent=696"}],"curies":[{"name":"wp","href":"https:\/\/api.w.org\/{rel}","templated":true}]}}