{"id":700,"date":"2025-05-28T10:01:31","date_gmt":"2025-05-28T07:01:31","guid":{"rendered":"https:\/\/vismotorsport.gr\/nutzungs-und-geschaeftsbedingungen\/"},"modified":"2025-11-20T17:21:33","modified_gmt":"2025-11-20T15:21:33","slug":"nutzungs-und-geschaeftsbedingungen","status":"publish","type":"page","link":"https:\/\/vismotorsport.gr\/de\/nutzungs-und-geschaeftsbedingungen\/","title":{"rendered":"Nutzungs- und Gesch\u00e4ftsbedingungen"},"content":{"rendered":"\n<div class=\"wp-block-uagb-container uagb-block-e316cdcb alignfull uagb-is-root-container\"><div class=\"uagb-container-inner-blocks-wrap\">\n<p>Letzte Aktualisierung: 8\/7\/2025<\/p>\n\n\n\n<h2 class=\"wp-block-heading\" style=\"font-size:clamp(15.197px, 0.95rem + ((1vw - 3.2px) * 0.61), 23px);\">1. Unternehmensinformationen<\/h2>\n\n\n\n<p>Firmenname: RENNSPORT PARTS O.E<br\/>Firmensitz: Velestinou 13, Nikaia 18451, Griechenland<br\/>USt-IdNr.: EL802819640<\/p>\n\n\n\n<p>G.E.MI.: 183368808000<br\/>Kontakt-E-Mail: <a href=\"info@vismotorsport.net\">info@vismotorsport.net<\/a><\/p>\n\n\n\n<h2 class=\"wp-block-heading\" style=\"font-size:clamp(15.197px, 0.95rem + ((1vw - 3.2px) * 0.61), 23px);\">2. Leistungsbeschreibung<\/h2>\n\n\n\n<p>vismotorsport.de ist die offiziell anerkannte griechische Website von VIS Motorsport. Diese Websites sind vollst\u00e4ndig zertifiziert und vertreiben ausschlie\u00dflich Originalprodukte des Mutterunternehmens VIS Motorsport.<\/p>\n\n\n\n<h2 class=\"wp-block-heading\" style=\"font-size:clamp(15.197px, 0.95rem + ((1vw - 3.2px) * 0.61), 23px);\">3. Preise und Zahlungen<\/h2>\n\n\n\n<p>Alle Preise enthalten die gesetzliche Mehrwertsteuer, die in jedem EU-Land gilt. Preise k\u00f6nnen ohne vorherige Ank\u00fcndigung ge\u00e4ndert werden.<br\/>Akzeptierte Zahlungsmethoden:<br\/><\/p>\n\n\n\n<ul class=\"wp-block-list\">\n<li>Viva Wallet (unterst\u00fctzt Karten, Google Pay, Klarna usw.)<\/li>\n\n\n\n<li>\u00dcber Apple Pay, Google Pay, PayPal, Klarna<\/li>\n\n\n\n<li>Bank\u00fcberweisung (nach Vereinbarung)<\/li>\n<\/ul>\n\n\n\n<p>Alle Transaktionen werden in der sicheren Umgebung von Viva durchgef\u00fchrt. Dar\u00fcber hinaus k\u00f6nnen Sie, wenn Sie m\u00f6chten, Ihre Daten sicher bei Viva speichern, sodass Sie bei Ihrer n\u00e4chsten Bestellung Ihre Kartendaten nicht erneut eingeben m\u00fcssen und die Bestellabwicklung dadurch erheblich verk\u00fcrzt wird.<\/p>\n\n\n\n<p>Der Shop beh\u00e4lt sich das Recht vor, Bestellungen aufgrund von Lager- oder technischen Problemen zu stornieren.<\/p>\n\n\n\n<h2 class=\"wp-block-heading\" style=\"font-size:clamp(15.197px, 0.95rem + ((1vw - 3.2px) * 0.61), 23px);\">4. Versand der Bestellungen<\/h2>\n\n\n\n<p>Bestellungen werden je nach Produkt entweder aus einem EU-Lager oder aus Griechenland versendet.<br\/>vismotorsport.de versendet keine Produkte in die USA oder andere Nicht-EU-L\u00e4nder. Die Versandrichtlinie kann jederzeit ohne vorherige Ank\u00fcndigung ge\u00e4ndert werden.<br\/><br\/><br\/>Die Versandkosten tr\u00e4gt der Kunde und sie werden vor dem Bezahlvorgang angezeigt.<\/p>\n\n\n\n<h2 class=\"wp-block-heading\" style=\"font-size:clamp(15.197px, 0.95rem + ((1vw - 3.2px) * 0.61), 23px);\">5. Lieferung &amp; Versandverantwortung<\/h2>\n\n\n\n<p>Die Verantwortung f\u00fcr den Versand geht mit \u00dcbergabe des Pakets an den Kurierdienst auf den Kunden \u00fcber. Der Kunde muss das Produkt bei Lieferung auf etwaige Sch\u00e4den \u00fcberpr\u00fcfen.<\/p>\n\n\n\n<h2 class=\"wp-block-heading\" style=\"font-size:clamp(15.197px, 0.95rem + ((1vw - 3.2px) * 0.61), 23px);\">6. R\u00fcckgaben \u2013 Garantien<\/h2>\n\n\n\n<p>Die R\u00fcckgaberichtlinie unterliegt den speziellen Bedingungen, die in der separaten R\u00fcckgaberichtlinie ausf\u00fchrlich beschrieben sind.<br\/><br\/><br\/>\u2013 R\u00fcckgaben ge\u00f6ffneter oder benutzter Produkte werden nicht akzeptiert.<br\/><br\/><br\/>\u2013 R\u00fcckgaben werden nur nach vorheriger Absprache und bei versiegeltem Produkt akzeptiert.<br\/><br\/><br\/>\u2013 Garantiepr\u00fcfungen erfordern eine technische \u00dcberpr\u00fcfung durch das Unternehmen.<br\/><br\/><br\/>\u2013 Bei Nichtvorliegen eines Herstellungsfehlers tr\u00e4gt der Kunde alle Bank- und Versandkosten.<\/p>\n\n\n\n<h2 class=\"wp-block-heading\" style=\"font-size:clamp(15.197px, 0.95rem + ((1vw - 3.2px) * 0.61), 23px);\">7. Benutzerdaten \u2013 DSGVO-Konformit\u00e4t<\/h2>\n\n\n\n<p>vismotorsport.de erf\u00fcllt vollst\u00e4ndig die Anforderungen der Datenschutz-Grundverordnung (DSGVO). Weitere Informationen finden Sie in unserer Datenschutzrichtlinie.<\/p>\n\n\n\n<h2 class=\"wp-block-heading\" style=\"font-size:clamp(15.197px, 0.95rem + ((1vw - 3.2px) * 0.61), 23px);\">8. Haftungsbeschr\u00e4nkung<\/h2>\n\n\n\n<p>VIS Motorsport Griechenland haftet nicht f\u00fcr Sch\u00e4den, die durch falsche Installation oder Nutzung der Produkte entstehen.<br\/><br\/><br\/>Die Produkte sind f\u00fcr den Motorsport vorgesehen und werden auf eigenes Risiko des Kunden verwendet.<br\/><br\/><br\/>Der Kunde muss vor der Bestellung die Kompatibilit\u00e4t mit seinem Fahrzeug sicherstellen.<\/p>\n\n\n\n<h2 class=\"wp-block-heading\" style=\"font-size:clamp(15.197px, 0.95rem + ((1vw - 3.2px) * 0.61), 23px);\">9. \u00c4nderungen der Bedingungen<\/h2>\n\n\n\n<p>Das Unternehmen beh\u00e4lt sich das Recht vor, diese Bedingungen jederzeit ohne vorherige Ank\u00fcndigung zu \u00e4ndern. Kunden sind an die zum Zeitpunkt der Bestellung geltenden Bedingungen gebunden.<\/p>\n\n\n\n<h2 class=\"wp-block-heading\" style=\"font-size:clamp(15.197px, 0.95rem + ((1vw - 3.2px) * 0.61), 23px);\">10. Anwendbares Recht \u2013 Gerichtsstand<\/h2>\n\n\n\n<p>F\u00fcr alle Transaktionen gilt das griechische Recht. Ausschlie\u00dflicher Gerichtsstand f\u00fcr alle Streitigkeiten ist Athen.<\/p>\n<\/div><\/div>\n","protected":false},"excerpt":{"rendered":"<p>Letzte Aktualisierung: 8\/7\/2025 1. Unternehmensinformationen Firmenname: RENNSPORT PARTS O.EFirmensitz: Velestinou 13, Nikaia 18451, GriechenlandUSt-IdNr.: EL802819640 G.E.MI.: 183368808000Kontakt-E-Mail: info@vismotorsport.net 2. Leistungsbeschreibung vismotorsport.de ist die offiziell anerkannte griechische Website von VIS Motorsport. Diese Websites sind vollst\u00e4ndig zertifiziert und vertreiben ausschlie\u00dflich Originalprodukte des Mutterunternehmens VIS Motorsport. 3. Preise und Zahlungen Alle Preise enthalten die gesetzliche Mehrwertsteuer, die in [&hellip;]<\/p>\n","protected":false},"author":1,"featured_media":0,"parent":0,"menu_order":0,"comment_status":"closed","ping_status":"closed","template":"","meta":{"_uag_custom_page_level_css":"","footnotes":""},"class_list":["post-700","page","type-page","status-publish","hentry"],"blocksy_meta":[],"spectra_custom_meta":{"_top_nav_excluded":[""],"_cms_nav_minihome":[""],"_last_translation_edit_mode":["translation-editor"],"_wpml_word_count":["567"],"_wp_page_template":[""],"_edit_lock":["1758891227:1"],"_edit_last":["2"],"rank_math_internal_links_processed":["1"],"_wpml_media_duplicate":["1"],"_wpml_media_featured":["1"],"_uag_css_file_name":["uag-css-700.css"],"_uagb_previous_block_counts":["a:90:{s:21:\"uagb\/advanced-heading\";i:0;s:15:\"uagb\/blockquote\";i:0;s:12:\"uagb\/buttons\";i:0;s:18:\"uagb\/buttons-child\";i:0;s:19:\"uagb\/call-to-action\";i:0;s:15:\"uagb\/cf7-styler\";i:0;s:11:\"uagb\/column\";i:0;s:12:\"uagb\/columns\";i:0;s:14:\"uagb\/container\";i:1;s:21:\"uagb\/content-timeline\";i:0;s:27:\"uagb\/content-timeline-child\";i:0;s:14:\"uagb\/countdown\";i:0;s:12:\"uagb\/counter\";i:0;s:8:\"uagb\/faq\";i:0;s:14:\"uagb\/faq-child\";i:0;s:10:\"uagb\/forms\";i:0;s:17:\"uagb\/forms-accept\";i:0;s:19:\"uagb\/forms-checkbox\";i:0;s:15:\"uagb\/forms-date\";i:0;s:16:\"uagb\/forms-email\";i:0;s:17:\"uagb\/forms-hidden\";i:0;s:15:\"uagb\/forms-name\";i:0;s:16:\"uagb\/forms-phone\";i:0;s:16:\"uagb\/forms-radio\";i:0;s:17:\"uagb\/forms-select\";i:0;s:19:\"uagb\/forms-textarea\";i:0;s:17:\"uagb\/forms-toggle\";i:0;s:14:\"uagb\/forms-url\";i:0;s:14:\"uagb\/gf-styler\";i:0;s:15:\"uagb\/google-map\";i:0;s:11:\"uagb\/how-to\";i:0;s:16:\"uagb\/how-to-step\";i:0;s:9:\"uagb\/icon\";i:0;s:14:\"uagb\/icon-list\";i:0;s:20:\"uagb\/icon-list-child\";i:0;s:10:\"uagb\/image\";i:0;s:18:\"uagb\/image-gallery\";i:0;s:13:\"uagb\/info-box\";i:0;s:18:\"uagb\/inline-notice\";i:0;s:11:\"uagb\/lottie\";i:0;s:21:\"uagb\/marketing-button\";i:0;s:10:\"uagb\/modal\";i:0;s:18:\"uagb\/popup-builder\";i:0;s:16:\"uagb\/post-button\";i:0;s:18:\"uagb\/post-carousel\";i:0;s:17:\"uagb\/post-excerpt\";i:0;s:14:\"uagb\/post-grid\";i:0;s:15:\"uagb\/post-image\";i:0;s:17:\"uagb\/post-masonry\";i:0;s:14:\"uagb\/post-meta\";i:0;s:18:\"uagb\/post-taxonomy\";i:0;s:18:\"uagb\/post-timeline\";i:0;s:15:\"uagb\/post-title\";i:0;s:20:\"uagb\/restaurant-menu\";i:0;s:26:\"uagb\/restaurant-menu-child\";i:0;s:11:\"uagb\/review\";i:0;s:12:\"uagb\/section\";i:0;s:14:\"uagb\/separator\";i:0;s:11:\"uagb\/slider\";i:0;s:17:\"uagb\/slider-child\";i:0;s:17:\"uagb\/social-share\";i:0;s:23:\"uagb\/social-share-child\";i:0;s:16:\"uagb\/star-rating\";i:0;s:23:\"uagb\/sure-cart-checkout\";i:0;s:22:\"uagb\/sure-cart-product\";i:0;s:15:\"uagb\/sure-forms\";i:0;s:22:\"uagb\/table-of-contents\";i:0;s:9:\"uagb\/tabs\";i:0;s:15:\"uagb\/tabs-child\";i:0;s:18:\"uagb\/taxonomy-list\";i:0;s:9:\"uagb\/team\";i:0;s:16:\"uagb\/testimonial\";i:0;s:14:\"uagb\/wp-search\";i:0;s:19:\"uagb\/instagram-feed\";i:0;s:10:\"uagb\/login\";i:0;s:17:\"uagb\/loop-builder\";i:0;s:18:\"uagb\/loop-category\";i:0;s:20:\"uagb\/loop-pagination\";i:0;s:15:\"uagb\/loop-reset\";i:0;s:16:\"uagb\/loop-search\";i:0;s:14:\"uagb\/loop-sort\";i:0;s:17:\"uagb\/loop-wrapper\";i:0;s:13:\"uagb\/register\";i:0;s:19:\"uagb\/register-email\";i:0;s:24:\"uagb\/register-first-name\";i:0;s:23:\"uagb\/register-last-name\";i:0;s:22:\"uagb\/register-password\";i:0;s:30:\"uagb\/register-reenter-password\";i:0;s:19:\"uagb\/register-terms\";i:0;s:22:\"uagb\/register-username\";i:0;}"],"_uagb_last_spectra_edit":["1776758883"],"_uag_page_assets":["a:9:{s:3:\"css\";s:10521:\".wp-block-uagb-container{display:flex;position:relative;box-sizing:border-box;transition-property:box-shadow;transition-duration:.2s;transition-timing-function:ease}.wp-block-uagb-container .spectra-container-link-overlay{bottom:0;left:0;position:absolute;right:0;top:0;z-index:10}.wp-block-uagb-container.uagb-is-root-container{margin-left:auto;margin-right:auto}.wp-block-uagb-container.alignfull.uagb-is-root-container .uagb-container-inner-blocks-wrap{display:flex;position:relative;box-sizing:border-box;margin-left:auto !important;margin-right:auto !important}.wp-block-uagb-container .wp-block-uagb-blockquote,.wp-block-uagb-container .wp-block-spectra-pro-login,.wp-block-uagb-container .wp-block-spectra-pro-register{margin:unset}.wp-block-uagb-container .uagb-container__video-wrap{height:100%;width:100%;top:0;left:0;position:absolute;overflow:hidden;-webkit-transition:opacity 1s;-o-transition:opacity 1s;transition:opacity 1s}.wp-block-uagb-container .uagb-container__video-wrap video{max-width:100%;width:100%;height:100%;margin:0;line-height:1;border:none;display:inline-block;vertical-align:baseline;-o-object-fit:cover;object-fit:cover;background-size:cover}.wp-block-uagb-container.uagb-layout-grid{display:grid;width:100%}.wp-block-uagb-container.uagb-layout-grid>.uagb-container-inner-blocks-wrap{display:inherit;width:inherit}.wp-block-uagb-container.uagb-layout-grid>.uagb-container-inner-blocks-wrap>.wp-block-uagb-container{max-width:unset !important;width:unset !important}.wp-block-uagb-container.uagb-layout-grid>.wp-block-uagb-container{max-width:unset !important;width:unset !important}.wp-block-uagb-container.uagb-layout-grid.uagb-is-root-container{margin-left:auto;margin-right:auto}.wp-block-uagb-container.uagb-layout-grid.uagb-is-root-container>.wp-block-uagb-container{max-width:unset !important;width:unset !important}.wp-block-uagb-container.uagb-layout-grid.alignwide.uagb-is-root-container{margin-left:auto;margin-right:auto}.wp-block-uagb-container.uagb-layout-grid.alignfull.uagb-is-root-container .uagb-container-inner-blocks-wrap{display:inherit;position:relative;box-sizing:border-box;margin-left:auto !important;margin-right:auto !important}body .wp-block-uagb-container>.uagb-container-inner-blocks-wrap>*:not(.wp-block-uagb-container):not(.wp-block-uagb-column):not(.wp-block-uagb-container):not(.wp-block-uagb-section):not(.uagb-container__shape):not(.uagb-container__video-wrap):not(.wp-block-spectra-pro-register):not(.wp-block-spectra-pro-login):not(.uagb-slider-container):not(.spectra-image-gallery__control-lightbox):not(.wp-block-uagb-info-box),body .wp-block-uagb-container>.uagb-container-inner-blocks-wrap,body .wp-block-uagb-container>*:not(.wp-block-uagb-container):not(.wp-block-uagb-column):not(.wp-block-uagb-container):not(.wp-block-uagb-section):not(.uagb-container__shape):not(.uagb-container__video-wrap):not(.wp-block-spectra-pro-register):not(.wp-block-spectra-pro-login):not(.uagb-slider-container):not(.spectra-container-link-overlay):not(.spectra-image-gallery__control-lightbox):not(.wp-block-uagb-lottie):not(.uagb-faq__outer-wrap){min-width:unset !important;width:100%;position:relative}body .ast-container .wp-block-uagb-container>.uagb-container-inner-blocks-wrap>.wp-block-uagb-container>ul,body .ast-container .wp-block-uagb-container>.uagb-container-inner-blocks-wrap>.wp-block-uagb-container ol,body .ast-container .wp-block-uagb-container>.uagb-container-inner-blocks-wrap>ul,body .ast-container .wp-block-uagb-container>.uagb-container-inner-blocks-wrap ol{max-width:-webkit-fill-available;margin-block-start:0;margin-block-end:0;margin-left:20px}.ast-plain-container .editor-styles-wrapper .block-editor-block-list__layout.is-root-container .uagb-is-root-container.wp-block-uagb-container.alignwide{margin-left:auto;margin-right:auto}.uagb-container__shape{overflow:hidden;position:absolute;left:0;width:100%;line-height:0;direction:ltr}.uagb-container__shape-top{top:-3px}.uagb-container__shape-bottom{bottom:-3px}.uagb-container__shape.uagb-container__invert.uagb-container__shape-bottom,.uagb-container__shape.uagb-container__invert.uagb-container__shape-top{-webkit-transform:rotate(180deg);-ms-transform:rotate(180deg);transform:rotate(180deg)}.uagb-container__shape.uagb-container__shape-flip svg{transform:translateX(-50%) rotateY(180deg)}.uagb-container__shape svg{display:block;width:-webkit-calc(100% + 1.3px);width:calc(100% + 1.3px);position:relative;left:50%;-webkit-transform:translateX(-50%);-ms-transform:translateX(-50%);transform:translateX(-50%)}.uagb-container__shape .uagb-container__shape-fill{-webkit-transform-origin:center;-ms-transform-origin:center;transform-origin:center;-webkit-transform:rotateY(0deg);transform:rotateY(0deg)}.uagb-container__shape.uagb-container__shape-above-content{z-index:9;pointer-events:none}.nv-single-page-wrap .nv-content-wrap.entry-content .wp-block-uagb-container.alignfull{margin-left:calc(50% - 50vw);margin-right:calc(50% - 50vw)}@media only screen and (max-width: 767px){.wp-block-uagb-container .wp-block-uagb-advanced-heading{width:-webkit-fill-available}}.wp-block-uagb-image--align-none{justify-content:center}.wp-block-uagb-container.uagb-block-e316cdcb.wp-block-uagb-container{color: var(--theme-palette-color-11, #ffffff);}.wp-block-uagb-container.uagb-block-e316cdcb.wp-block-uagb-container *{color: var(--theme-palette-color-11, #ffffff);}.wp-block-uagb-container.uagb-block-e316cdcb .uagb-container__shape-top svg{width: calc( 100% + 1.3px );}.wp-block-uagb-container.uagb-block-e316cdcb .uagb-container__shape.uagb-container__shape-top .uagb-container__shape-fill{fill: rgba(51,51,51,1);}.wp-block-uagb-container.uagb-block-e316cdcb .uagb-container__shape-bottom svg{width: calc( 100% + 1.3px );}.wp-block-uagb-container.uagb-block-e316cdcb .uagb-container__shape.uagb-container__shape-bottom .uagb-container__shape-fill{fill: rgba(51,51,51,1);}.wp-block-uagb-container.uagb-block-e316cdcb .uagb-container__video-wrap video{opacity: 1;}.wp-block-uagb-container.uagb-is-root-container .uagb-block-e316cdcb{max-width: 100%;width: 100%;}.wp-block-uagb-container.uagb-is-root-container.alignfull.uagb-block-e316cdcb > .uagb-container-inner-blocks-wrap{--inner-content-custom-width: min( 100%, 1290px);max-width: var(--inner-content-custom-width);width: 100%;flex-direction: column;align-items: center;justify-content: center;flex-wrap: nowrap;row-gap: 20px;column-gap: 20px;}.wp-block-uagb-container.uagb-block-e316cdcb{box-shadow: 0px 0px   #00000070 ;padding-top: 50px;padding-bottom: 50px;padding-left: 10px;padding-right: 10px;margin-top:  !important;margin-bottom:  !important;overflow: visible;order: initial;border-color: inherit;row-gap: 20px;column-gap: 20px;}@media only screen and (max-width: 976px) {.wp-block-uagb-container.uagb-is-root-container .uagb-block-e316cdcb{width: 100%;}.wp-block-uagb-container.uagb-is-root-container.alignfull.uagb-block-e316cdcb > .uagb-container-inner-blocks-wrap{--inner-content-custom-width: min( 100%, 1024px);max-width: var(--inner-content-custom-width);width: 100%;}.wp-block-uagb-container.uagb-block-e316cdcb{padding-top: 50px;padding-bottom: 50px;padding-left: 10px;padding-right: 10px;margin-top:  !important;margin-bottom:  !important;order: initial;}}@media only screen and (max-width: 767px) {.wp-block-uagb-container.uagb-is-root-container .uagb-block-e316cdcb{max-width: 100%;width: 100%;}.wp-block-uagb-container.uagb-is-root-container.alignfull.uagb-block-e316cdcb > .uagb-container-inner-blocks-wrap{--inner-content-custom-width: min( 100%, 767px);max-width: var(--inner-content-custom-width);width: 100%;flex-wrap: wrap;}.wp-block-uagb-container.uagb-block-e316cdcb{padding-top: 50px;padding-bottom: 50px;padding-left: 10px;padding-right: 10px;margin-top:  !important;margin-bottom:  !important;order: initial;}}.uag-blocks-common-selector{z-index:var(--z-index-desktop) !important}@media(max-width: 976px){.uag-blocks-common-selector{z-index:var(--z-index-tablet) !important}}@media(max-width: 767px){.uag-blocks-common-selector{z-index:var(--z-index-mobile) !important}}.wp-block-uagb-container.uagb-block-08fdd72a .uagb-container__shape-top svg{width: calc( 100% + 1.3px );}.wp-block-uagb-container.uagb-block-08fdd72a .uagb-container__shape.uagb-container__shape-top .uagb-container__shape-fill{fill: rgba(51,51,51,1);}.wp-block-uagb-container.uagb-block-08fdd72a .uagb-container__shape-bottom svg{width: calc( 100% + 1.3px );}.wp-block-uagb-container.uagb-block-08fdd72a .uagb-container__shape.uagb-container__shape-bottom .uagb-container__shape-fill{fill: rgba(51,51,51,1);}.wp-block-uagb-container.uagb-block-08fdd72a .uagb-container__video-wrap video{opacity: 1;}.wp-block-uagb-container.uagb-is-root-container .uagb-block-08fdd72a{max-width: 100%;width: 100%;}.wp-block-uagb-container.uagb-is-root-container.alignfull.uagb-block-08fdd72a > .uagb-container-inner-blocks-wrap{--inner-content-custom-width: min( 100%, 1290px);max-width: var(--inner-content-custom-width);width: 100%;flex-direction: column;align-items: center;justify-content: center;flex-wrap: nowrap;row-gap: 20px;column-gap: 20px;}.wp-block-uagb-container.uagb-block-08fdd72a{box-shadow: 0px 0px   #00000070 ;padding-top: 10px;padding-bottom: 10px;padding-left: 10px;padding-right: 10px;margin-top:  !important;margin-bottom:  !important;overflow: visible;order: initial;border-color: inherit;row-gap: 20px;column-gap: 20px;}@media only screen and (max-width: 976px) {.wp-block-uagb-container.uagb-is-root-container .uagb-block-08fdd72a{width: 100%;}.wp-block-uagb-container.uagb-is-root-container.alignfull.uagb-block-08fdd72a > .uagb-container-inner-blocks-wrap{--inner-content-custom-width: min( 100%, 1024px);max-width: var(--inner-content-custom-width);width: 100%;}.wp-block-uagb-container.uagb-block-08fdd72a{padding-top: 10px;padding-bottom: 10px;padding-left: 10px;padding-right: 10px;margin-top:  !important;margin-bottom:  !important;order: initial;}}@media only screen and (max-width: 767px) {.wp-block-uagb-container.uagb-is-root-container .uagb-block-08fdd72a{max-width: 100%;width: 100%;}.wp-block-uagb-container.uagb-is-root-container.alignfull.uagb-block-08fdd72a > .uagb-container-inner-blocks-wrap{--inner-content-custom-width: min( 100%, 767px);max-width: var(--inner-content-custom-width);width: 100%;flex-wrap: wrap;}.wp-block-uagb-container.uagb-block-08fdd72a{padding-top: 10px;padding-bottom: 10px;padding-left: 10px;padding-right: 10px;margin-top:  !important;margin-bottom:  !important;order: initial;}}\";s:2:\"js\";s:0:\"\";s:18:\"current_block_list\";a:8:{i:0;s:14:\"uagb\/container\";i:1;s:14:\"core\/paragraph\";i:2;s:12:\"core\/heading\";i:3;s:9:\"core\/list\";i:4;s:14:\"core\/list-item\";i:6;s:14:\"core\/shortcode\";i:7;s:26:\"woocommerce\/filter-wrapper\";i:8;s:24:\"woocommerce\/price-filter\";}s:8:\"uag_flag\";b:1;s:11:\"uag_version\";s:10:\"1778685515\";s:6:\"gfonts\";a:0:{}s:10:\"gfonts_url\";s:0:\"\";s:12:\"gfonts_files\";a:0:{}s:14:\"uag_faq_layout\";b:0;}"]},"uagb_featured_image_src":{"full":false,"thumbnail":false,"medium":false,"medium_large":false,"large":false,"1536x1536":false,"2048x2048":false,"woocommerce_archive_thumbnail":false,"woocommerce_thumbnail":false,"woocommerce_single":false,"woocommerce_gallery_thumbnail":false},"uagb_author_info":{"display_name":"efstraatios","author_link":"https:\/\/vismotorsport.gr\/de\/author\/004ae41fdf02c7a6\/"},"uagb_comment_info":0,"uagb_excerpt":"Letzte Aktualisierung: 8\/7\/2025 1. Unternehmensinformationen Firmenname: RENNSPORT PARTS O.EFirmensitz: Velestinou 13, Nikaia 18451, GriechenlandUSt-IdNr.: EL802819640 G.E.MI.: 183368808000Kontakt-E-Mail: info@vismotorsport.net 2. Leistungsbeschreibung vismotorsport.de ist die offiziell anerkannte griechische Website von VIS Motorsport. Diese Websites sind vollst\u00e4ndig zertifiziert und vertreiben ausschlie\u00dflich Originalprodukte des Mutterunternehmens VIS Motorsport. 3. Preise und Zahlungen Alle Preise enthalten die gesetzliche Mehrwertsteuer, die in&hellip;","_links":{"self":[{"href":"https:\/\/vismotorsport.gr\/de\/wp-json\/wp\/v2\/pages\/700","targetHints":{"allow":["GET"]}}],"collection":[{"href":"https:\/\/vismotorsport.gr\/de\/wp-json\/wp\/v2\/pages"}],"about":[{"href":"https:\/\/vismotorsport.gr\/de\/wp-json\/wp\/v2\/types\/page"}],"author":[{"embeddable":true,"href":"https:\/\/vismotorsport.gr\/de\/wp-json\/wp\/v2\/users\/1"}],"replies":[{"embeddable":true,"href":"https:\/\/vismotorsport.gr\/de\/wp-json\/wp\/v2\/comments?post=700"}],"version-history":[{"count":13,"href":"https:\/\/vismotorsport.gr\/de\/wp-json\/wp\/v2\/pages\/700\/revisions"}],"predecessor-version":[{"id":2310,"href":"https:\/\/vismotorsport.gr\/de\/wp-json\/wp\/v2\/pages\/700\/revisions\/2310"}],"wp:attachment":[{"href":"https:\/\/vismotorsport.gr\/de\/wp-json\/wp\/v2\/media?parent=700"}],"curies":[{"name":"wp","href":"https:\/\/api.w.org\/{rel}","templated":true}]}}