{"id":737,"date":"2025-06-11T16:43:45","date_gmt":"2025-06-11T13:43:45","guid":{"rendered":"https:\/\/vismotorsport.gr\/product\/hpfp%e2%80%91deckel-uebergroessen-gen3-mqb\/"},"modified":"2026-01-19T12:14:11","modified_gmt":"2026-01-19T10:14:11","slug":"hpfp-deckel-uebergroessen-gen3-mqb","status":"publish","type":"product","link":"https:\/\/vismotorsport.gr\/de\/produkt\/hpfp-deckel-uebergroessen-gen3-mqb\/","title":{"rendered":"HPFP\u2011DECKEL \u00dcBERGR\u00d6SSEN GEN3 MQB"},"content":{"rendered":"<p>HPFP-Deckelersatz mit Billet Plug &amp; Play-L\u00f6sung<br \/>\nDieses Kit ersetzt den werkseitigen Deckel der Hochdruck-Kraftstoffpumpe (HPFP) durch eine pr\u00e4zisionsgefertigte Billet-Version, die f\u00fcr maximale Festigkeit und Dichtheit entwickelt wurde. Der neue Deckel ist vollst\u00e4ndig Plug-and-Play in Bezug auf Passform und Installation und erfordert kein Schneiden oder Modifikationen. Dieses Produkt wird nicht von VIS MOTORSPORT hergestellt.<\/p>\n<p>Es ist jedoch nicht mit dem werkseitigen Kraftstoffversorgungssystem kompatibel, da es speziell f\u00fcr den Einsatz mit externen Kraftstoffleitungen und AN6 \/ \u0391\u039d8 -Anschl\u00fcssen entwickelt wurde.<\/p>\n<h3>Merkmale<\/h3>\n<p>HOCHWERTIGES BILLET-MATERIAL, CNC-BEARBEITET F\u00dcR PR\u00c4ZISION.<\/p>\n","protected":false},"excerpt":{"rendered":"<p>HPFP-Deckel mit AN-Anschluss f\u00fcr eine sichere Verbindung zur externen Kraftstoffleitung. Ideal f\u00fcr aufger\u00fcstete Kraftstoffversorgungssysteme.<\/p>\n","protected":false},"featured_media":517,"comment_status":"closed","ping_status":"closed","template":"","meta":{"_uag_custom_page_level_css":""},"product_brand":[],"product_cat":[130],"product_tag":[],"class_list":{"0":"post-737","1":"product","2":"type-product","3":"status-publish","4":"has-post-thumbnail","6":"product_cat-other-fueling-components-de","8":"first","9":"instock","10":"shipping-taxable","11":"purchasable","12":"product-type-simple"},"spectra_custom_meta":{"_wcml_average_rating":[null],"_wcml_review_count":[null],"_wcml_rating_count":[null],"_backorders":["no"],"_download_limit":["-1"],"_download_expiry":["-1"],"_downloadable":["no"],"_manage_stock":["no"],"_sku":["RS-HPFP-CAP-MQB"],"_stock_status":["instock"],"_sold_individually":["no"],"_tax_class":[""],"_tax_status":["taxable"],"_virtual":["no"],"_top_nav_excluded":[""],"_cms_nav_minihome":[""],"_product_attributes":["a:2:{s:8:\"pa_model\";a:6:{s:4:\"name\";s:8:\"pa_model\";s:5:\"value\";s:0:\"\";s:8:\"position\";i:0;s:10:\"is_visible\";i:1;s:12:\"is_variation\";i:0;s:11:\"is_taxonomy\";i:1;}s:8:\"pa_brand\";a:6:{s:4:\"name\";s:8:\"pa_brand\";s:5:\"value\";s:0:\"\";s:8:\"position\";i:1;s:10:\"is_visible\";i:1;s:12:\"is_variation\";i:0;s:11:\"is_taxonomy\";i:1;}}"],"_wpml_word_count":["155"],"_last_translation_edit_mode":["translation-editor"],"_crosssell_ids":["a:1:{i:0;i:183;}"],"_thumbnail_id":["517"],"wcml_sync_hash":["a:3:{s:15:\"postmeta_fields\";s:32:\"a717e4d75ebe055084d54ddc872134b7\";s:10:\"taxonomies\";s:0:\"\";s:18:\"default_attributes\";s:0:\"\";}"],"rank_math_internal_links_processed":["1"],"_product_image_gallery":["515"],"_wp_old_slug":["hpfp%e2%80%91deckel-uebergroessen-gen3-mqb"],"_uag_css_file_name":["uag-css-737.css"],"total_sales":["1"],"_regular_price":["199"],"_price":["199"],"_uag_page_assets":["a:9:{s:3:\"css\";s:7594:\".wp-block-uagb-container{display:flex;position:relative;box-sizing:border-box;transition-property:box-shadow;transition-duration:.2s;transition-timing-function:ease}.wp-block-uagb-container .spectra-container-link-overlay{bottom:0;left:0;position:absolute;right:0;top:0;z-index:10}.wp-block-uagb-container.uagb-is-root-container{margin-left:auto;margin-right:auto}.wp-block-uagb-container.alignfull.uagb-is-root-container .uagb-container-inner-blocks-wrap{display:flex;position:relative;box-sizing:border-box;margin-left:auto !important;margin-right:auto !important}.wp-block-uagb-container .wp-block-uagb-blockquote,.wp-block-uagb-container .wp-block-spectra-pro-login,.wp-block-uagb-container .wp-block-spectra-pro-register{margin:unset}.wp-block-uagb-container .uagb-container__video-wrap{height:100%;width:100%;top:0;left:0;position:absolute;overflow:hidden;-webkit-transition:opacity 1s;-o-transition:opacity 1s;transition:opacity 1s}.wp-block-uagb-container .uagb-container__video-wrap video{max-width:100%;width:100%;height:100%;margin:0;line-height:1;border:none;display:inline-block;vertical-align:baseline;-o-object-fit:cover;object-fit:cover;background-size:cover}.wp-block-uagb-container.uagb-layout-grid{display:grid;width:100%}.wp-block-uagb-container.uagb-layout-grid>.uagb-container-inner-blocks-wrap{display:inherit;width:inherit}.wp-block-uagb-container.uagb-layout-grid>.uagb-container-inner-blocks-wrap>.wp-block-uagb-container{max-width:unset !important;width:unset !important}.wp-block-uagb-container.uagb-layout-grid>.wp-block-uagb-container{max-width:unset !important;width:unset !important}.wp-block-uagb-container.uagb-layout-grid.uagb-is-root-container{margin-left:auto;margin-right:auto}.wp-block-uagb-container.uagb-layout-grid.uagb-is-root-container>.wp-block-uagb-container{max-width:unset !important;width:unset !important}.wp-block-uagb-container.uagb-layout-grid.alignwide.uagb-is-root-container{margin-left:auto;margin-right:auto}.wp-block-uagb-container.uagb-layout-grid.alignfull.uagb-is-root-container .uagb-container-inner-blocks-wrap{display:inherit;position:relative;box-sizing:border-box;margin-left:auto !important;margin-right:auto !important}body .wp-block-uagb-container>.uagb-container-inner-blocks-wrap>*:not(.wp-block-uagb-container):not(.wp-block-uagb-column):not(.wp-block-uagb-container):not(.wp-block-uagb-section):not(.uagb-container__shape):not(.uagb-container__video-wrap):not(.wp-block-spectra-pro-register):not(.wp-block-spectra-pro-login):not(.uagb-slider-container):not(.spectra-image-gallery__control-lightbox):not(.wp-block-uagb-info-box),body .wp-block-uagb-container>.uagb-container-inner-blocks-wrap,body .wp-block-uagb-container>*:not(.wp-block-uagb-container):not(.wp-block-uagb-column):not(.wp-block-uagb-container):not(.wp-block-uagb-section):not(.uagb-container__shape):not(.uagb-container__video-wrap):not(.wp-block-spectra-pro-register):not(.wp-block-spectra-pro-login):not(.uagb-slider-container):not(.spectra-container-link-overlay):not(.spectra-image-gallery__control-lightbox):not(.wp-block-uagb-lottie):not(.uagb-faq__outer-wrap){min-width:unset !important;width:100%;position:relative}body .ast-container .wp-block-uagb-container>.uagb-container-inner-blocks-wrap>.wp-block-uagb-container>ul,body .ast-container .wp-block-uagb-container>.uagb-container-inner-blocks-wrap>.wp-block-uagb-container ol,body .ast-container .wp-block-uagb-container>.uagb-container-inner-blocks-wrap>ul,body .ast-container .wp-block-uagb-container>.uagb-container-inner-blocks-wrap ol{max-width:-webkit-fill-available;margin-block-start:0;margin-block-end:0;margin-left:20px}.ast-plain-container .editor-styles-wrapper .block-editor-block-list__layout.is-root-container .uagb-is-root-container.wp-block-uagb-container.alignwide{margin-left:auto;margin-right:auto}.uagb-container__shape{overflow:hidden;position:absolute;left:0;width:100%;line-height:0;direction:ltr}.uagb-container__shape-top{top:-3px}.uagb-container__shape-bottom{bottom:-3px}.uagb-container__shape.uagb-container__invert.uagb-container__shape-bottom,.uagb-container__shape.uagb-container__invert.uagb-container__shape-top{-webkit-transform:rotate(180deg);-ms-transform:rotate(180deg);transform:rotate(180deg)}.uagb-container__shape.uagb-container__shape-flip svg{transform:translateX(-50%) rotateY(180deg)}.uagb-container__shape svg{display:block;width:-webkit-calc(100% + 1.3px);width:calc(100% + 1.3px);position:relative;left:50%;-webkit-transform:translateX(-50%);-ms-transform:translateX(-50%);transform:translateX(-50%)}.uagb-container__shape .uagb-container__shape-fill{-webkit-transform-origin:center;-ms-transform-origin:center;transform-origin:center;-webkit-transform:rotateY(0deg);transform:rotateY(0deg)}.uagb-container__shape.uagb-container__shape-above-content{z-index:9;pointer-events:none}.nv-single-page-wrap .nv-content-wrap.entry-content .wp-block-uagb-container.alignfull{margin-left:calc(50% - 50vw);margin-right:calc(50% - 50vw)}@media only screen and (max-width: 767px){.wp-block-uagb-container .wp-block-uagb-advanced-heading{width:-webkit-fill-available}}.wp-block-uagb-image--align-none{justify-content:center}.wp-block-uagb-container.uagb-block-08fdd72a .uagb-container__shape-top svg{width: calc( 100% + 1.3px );}.wp-block-uagb-container.uagb-block-08fdd72a .uagb-container__shape.uagb-container__shape-top .uagb-container__shape-fill{fill: rgba(51,51,51,1);}.wp-block-uagb-container.uagb-block-08fdd72a .uagb-container__shape-bottom svg{width: calc( 100% + 1.3px );}.wp-block-uagb-container.uagb-block-08fdd72a .uagb-container__shape.uagb-container__shape-bottom .uagb-container__shape-fill{fill: rgba(51,51,51,1);}.wp-block-uagb-container.uagb-block-08fdd72a .uagb-container__video-wrap video{opacity: 1;}.wp-block-uagb-container.uagb-is-root-container .uagb-block-08fdd72a{max-width: 100%;width: 100%;}.wp-block-uagb-container.uagb-is-root-container.alignfull.uagb-block-08fdd72a > .uagb-container-inner-blocks-wrap{--inner-content-custom-width: min( 100%, 1290px);max-width: var(--inner-content-custom-width);width: 100%;flex-direction: column;align-items: center;justify-content: center;flex-wrap: nowrap;row-gap: 20px;column-gap: 20px;}.wp-block-uagb-container.uagb-block-08fdd72a{box-shadow: 0px 0px   #00000070 ;padding-top: 10px;padding-bottom: 10px;padding-left: 10px;padding-right: 10px;margin-top:  !important;margin-bottom:  !important;overflow: visible;order: initial;border-color: inherit;row-gap: 20px;column-gap: 20px;}@media only screen and (max-width: 976px) {.wp-block-uagb-container.uagb-is-root-container .uagb-block-08fdd72a{width: 100%;}.wp-block-uagb-container.uagb-is-root-container.alignfull.uagb-block-08fdd72a > .uagb-container-inner-blocks-wrap{--inner-content-custom-width: min( 100%, 1024px);max-width: var(--inner-content-custom-width);width: 100%;}.wp-block-uagb-container.uagb-block-08fdd72a{padding-top: 10px;padding-bottom: 10px;padding-left: 10px;padding-right: 10px;margin-top:  !important;margin-bottom:  !important;order: initial;}}@media only screen and (max-width: 767px) {.wp-block-uagb-container.uagb-is-root-container .uagb-block-08fdd72a{max-width: 100%;width: 100%;}.wp-block-uagb-container.uagb-is-root-container.alignfull.uagb-block-08fdd72a > .uagb-container-inner-blocks-wrap{--inner-content-custom-width: min( 100%, 767px);max-width: var(--inner-content-custom-width);width: 100%;flex-wrap: wrap;}.wp-block-uagb-container.uagb-block-08fdd72a{padding-top: 10px;padding-bottom: 10px;padding-left: 10px;padding-right: 10px;margin-top:  !important;margin-bottom:  !important;order: initial;}}\";s:2:\"js\";s:0:\"\";s:18:\"current_block_list\";a:5:{i:0;s:14:\"uagb\/container\";i:1;s:14:\"core\/shortcode\";i:2;s:26:\"woocommerce\/filter-wrapper\";i:3;s:12:\"core\/heading\";i:4;s:24:\"woocommerce\/price-filter\";}s:8:\"uag_flag\";b:1;s:11:\"uag_version\";s:10:\"1778682640\";s:6:\"gfonts\";a:0:{}s:10:\"gfonts_url\";s:0:\"\";s:12:\"gfonts_files\";a:0:{}s:14:\"uag_faq_layout\";b:0;}"],"_wc_rating_count":[""],"_wc_review_count":[""],"_wc_average_rating":[0]},"uagb_featured_image_src":{"full":["https:\/\/vismotorsport.gr\/wp-content\/uploads\/2025\/06\/EA888G3-HPFP-CAP-shop-online.jpg",1600,1142,false],"thumbnail":["https:\/\/vismotorsport.gr\/wp-content\/uploads\/2025\/06\/EA888G3-HPFP-CAP-shop-online-150x150.jpg",150,150,true],"medium":["https:\/\/vismotorsport.gr\/wp-content\/uploads\/2025\/06\/EA888G3-HPFP-CAP-shop-online-300x214.jpg",300,214,true],"medium_large":["https:\/\/vismotorsport.gr\/wp-content\/uploads\/2025\/06\/EA888G3-HPFP-CAP-shop-online-768x548.jpg",768,548,true],"large":["https:\/\/vismotorsport.gr\/wp-content\/uploads\/2025\/06\/EA888G3-HPFP-CAP-shop-online-1024x731.jpg",1024,731,true],"1536x1536":["https:\/\/vismotorsport.gr\/wp-content\/uploads\/2025\/06\/EA888G3-HPFP-CAP-shop-online-1536x1096.jpg",1536,1096,true],"2048x2048":["https:\/\/vismotorsport.gr\/wp-content\/uploads\/2025\/06\/EA888G3-HPFP-CAP-shop-online.jpg",1600,1142,false],"woocommerce_archive_thumbnail":["https:\/\/vismotorsport.gr\/wp-content\/uploads\/2025\/06\/EA888G3-HPFP-CAP-shop-online-600x338.jpg",600,338,true],"woocommerce_thumbnail":["https:\/\/vismotorsport.gr\/wp-content\/uploads\/2025\/06\/EA888G3-HPFP-CAP-shop-online-300x300.jpg",300,300,true],"woocommerce_single":["https:\/\/vismotorsport.gr\/wp-content\/uploads\/2025\/06\/EA888G3-HPFP-CAP-shop-online-1000x714.jpg",1000,714,true],"woocommerce_gallery_thumbnail":["https:\/\/vismotorsport.gr\/wp-content\/uploads\/2025\/06\/EA888G3-HPFP-CAP-shop-online-300x300.jpg",300,300,true]},"uagb_author_info":{"display_name":"efstraatios","author_link":"https:\/92c73bf766da3270\/92c73bf766da3270vismotorsport.gr\/92c73bf766da3270de\/92c73bf766da3270author\/92c73bf766da3270"},"uagb_comment_info":0,"uagb_excerpt":"HPFP-Deckel mit AN-Anschluss f\u00fcr eine sichere Verbindung zur externen Kraftstoffleitung. Ideal f\u00fcr aufger\u00fcstete Kraftstoffversorgungssysteme.","_links":{"self":[{"href":"https:\/\/vismotorsport.gr\/de\/wp-json\/wp\/v2\/product\/737","targetHints":{"allow":["GET"]}}],"collection":[{"href":"https:\/\/vismotorsport.gr\/de\/wp-json\/wp\/v2\/product"}],"about":[{"href":"https:\/\/vismotorsport.gr\/de\/wp-json\/wp\/v2\/types\/product"}],"replies":[{"embeddable":true,"href":"https:\/\/vismotorsport.gr\/de\/wp-json\/wp\/v2\/comments?post=737"}],"wp:featuredmedia":[{"embeddable":true,"href":"https:\/\/vismotorsport.gr\/de\/wp-json\/wp\/v2\/media\/517"}],"wp:attachment":[{"href":"https:\/\/vismotorsport.gr\/de\/wp-json\/wp\/v2\/media?parent=737"}],"wp:term":[{"taxonomy":"product_brand","embeddable":true,"href":"https:\/\/vismotorsport.gr\/de\/wp-json\/wp\/v2\/product_brand?post=737"},{"taxonomy":"product_cat","embeddable":true,"href":"https:\/\/vismotorsport.gr\/de\/wp-json\/wp\/v2\/product_cat?post=737"},{"taxonomy":"product_tag","embeddable":true,"href":"https:\/\/vismotorsport.gr\/de\/wp-json\/wp\/v2\/product_tag?post=737"}],"curies":[{"name":"wp","href":"https:\/\/api.w.org\/{rel}","templated":true}]}}